{"id":4095,"date":"2019-08-28T09:50:59","date_gmt":"2019-08-28T07:50:59","guid":{"rendered":"https:\/\/executive-challenge.com\/pre-booking\/"},"modified":"2019-08-28T09:59:10","modified_gmt":"2019-08-28T07:59:10","slug":"pre-booking","status":"publish","type":"page","link":"https:\/\/executive-challenge.com\/en\/pre-booking\/","title":{"rendered":"Pre-booking"},"content":{"rendered":"<strong><span style=\"color: #000000;\">In order to :<\/span><\/strong>\r\n<strong><span style=\"color: #000000;\">&#8211; receive more informations (details, price&#8230;), and\u00a0<\/span><\/strong>\r\n<strong><span style=\"color: #000000;\">&#8211; be contacted,<\/span><\/strong>\r\n<strong><span style=\"color: #000000;\">Please fill the form :<\/span><\/strong>\r\n\r\n  \n  \n  <div class=\"\n    mailpoet_form_popup_overlay\n      \"><\/div>\n  <div\n    id=\"mailpoet_form_5\"\n    class=\"\n      mailpoet_form\n      mailpoet_form_shortcode\n      mailpoet_form_position_\n      mailpoet_form_animation_\n    \"\n      >\n    \n    <style type=\"text\/css\">\n     .mailpoet_hp_email_label{display:none!important;}#mailpoet_form_5 .mailpoet_form input[type=email] { border: 4px dotted #1d1c19 !important; outline: none !important; transition: all .3s ease-in-out 0s !important; background-color: transparent; width: 100%; padding-left: 25px; font-style: italic; }\n#mailpoet_form_5 .mailpoet_form input[type=email]:focus { outline: none !important; border-style: solid !important; }\n#mailpoet_form_5 .mailpoet_form input[type=submit] { background-color: #ffe74b !important; color: #000 !important; letter-spacing: 1px !important; text-transform: uppercase; font-size: 14px !important; padding: 10px 25px !important; border: none !important; border-radius: 50px !important; font-weight: bold !important; outline: none !important; }\n#mailpoet_form_5 .mailpoet_paragraph { line-height: 20px; }\n#mailpoet_form_5 .mailpoet_segment_label, #mailpoet_form_5 .mailpoet_text_label, #mailpoet_form_5 .mailpoet_textarea_label, #mailpoet_form_5 .mailpoet_select_label, #mailpoet_form_5 .mailpoet_radio_label, #mailpoet_form_5 .mailpoet_checkbox_label, #mailpoet_form_5 .mailpoet_list_label, #mailpoet_form_5 .mailpoet_date_label { display: block; font-weight: bold; }\n#mailpoet_form_5 .mailpoet_text, #mailpoet_form_5 .mailpoet_textarea, #mailpoet_form_5 .mailpoet_select, #mailpoet_form_5 .mailpoet_date_month, #mailpoet_form_5 .mailpoet_date_day, #mailpoet_form_5 .mailpoet_date_year, #mailpoet_form_5 .mailpoet_date { display: block; }\n#mailpoet_form_5 .mailpoet_text, #mailpoet_form_5 .mailpoet_textarea { width: 200px; }\n#mailpoet_form_5 .mailpoet_checkbox {  }\n#mailpoet_form_5 .mailpoet_submit input {  }\n#mailpoet_form_5 .mailpoet_divider {  }\n#mailpoet_form_5 .mailpoet_message {  }\n#mailpoet_form_5 .mailpoet_validate_success { font-weight: 600; color: #468847; }\n#mailpoet_form_5 .mailpoet_validate_error { color: #b94a48; }\n#mailpoet_form_5 .mailpoet_form_loading { width: 30px; text-align: center; line-height: normal; }\n#mailpoet_form_5 .mailpoet_form_loading > span { width: 5px; height: 5px; background-color: #5b5b5b; }#mailpoet_form_5{;}#mailpoet_form_5 .mailpoet_message {margin: 0; padding: 0 20px;}#mailpoet_form_5 .mailpoet_paragraph.last {margin-bottom: 0} @media (max-width: 500px) {#mailpoet_form_5 {background-image: none;}} @media (min-width: 500px) {#mailpoet_form_5 .last .mailpoet_paragraph:last-child {margin-bottom: 0}}  @media (max-width: 500px) {#mailpoet_form_5 .mailpoet_form_column:last-child .mailpoet_paragraph:last-child {margin-bottom: 0}} \n    <\/style>\n\n    <form\n      target=\"_self\"\n      method=\"post\"\n      action=\"https:\/\/executive-challenge.com\/wp-admin\/admin-post.php?action=mailpoet_subscription_form\"\n      class=\"mailpoet_form mailpoet_form_form mailpoet_form_shortcode\"\n      novalidate\n      data-delay=\"\"\n      data-exit-intent-enabled=\"\"\n      data-font-family=\"\"\n    >\n      <input type=\"hidden\" name=\"data[form_id]\" value=\"5\" \/>\n      <input type=\"hidden\" name=\"token\" value=\"a81c5e2c99\" \/>\n      <input type=\"hidden\" name=\"api_version\" value=\"v1\" \/>\n      <input type=\"hidden\" name=\"endpoint\" value=\"subscribers\" \/>\n      <input type=\"hidden\" name=\"mailpoet_method\" value=\"subscribe\" \/>\n\n      <label class=\"mailpoet_hp_email_label\">Please leave this field empty<input type=\"email\" name=\"data[email]\"\/><\/label><div class='mailpoet_spacer' style='height: 1px;'><div class='mailpoet_divider' data-automation-id='form_divider' style='border-top-style: solid;border-top-width: 1px;border-top-color: black;height: 1px;width: 100%'><\/div><\/div>\n<div class=\"mailpoet_paragraph\"><label class=\"mailpoet_text_label\" data-automation-id=\"form_last_name_label\" >Nom (Lastname) <span class=\"mailpoet_required\">*<\/span><\/label><input type=\"text\" class=\"mailpoet_text\" name=\"data[form_field_YmIwODI4MGM0ZTg0X2xhc3RfbmFtZQ==]\" title=\"Nom (Lastname)\" value=\"\" data-automation-id=\"form_last_name\" data-parsley-names='[&quot;Please specify a valid name.&quot;,&quot;Addresses in names are not permitted, please add your name instead.&quot;]' data-parsley-required=\"true\" data-parsley-required-message=\"This field is required.\"\/><\/div>\n<div class=\"mailpoet_paragraph\"><label class=\"mailpoet_text_label\" data-automation-id=\"form_first_name_label\" >Pr\u00e9nom (Firstname) <span class=\"mailpoet_required\">*<\/span><\/label><input type=\"text\" class=\"mailpoet_text\" name=\"data[form_field_YmYyMTQ1M2ZjMTc1X2ZpcnN0X25hbWU=]\" title=\"Pr\u00e9nom (Firstname)\" value=\"\" data-automation-id=\"form_first_name\" data-parsley-names='[&quot;Please specify a valid name.&quot;,&quot;Addresses in names are not permitted, please add your name instead.&quot;]' data-parsley-required=\"true\" data-parsley-required-message=\"This field is required.\"\/><\/div>\n<div class='mailpoet_spacer' style='height: 1px;'><div class='mailpoet_divider' data-automation-id='form_divider' style='border-top-style: solid;border-top-width: 1px;border-top-color: black;height: 1px;width: 100%'><\/div><\/div>\n<div class=\"mailpoet_paragraph\"><label class=\"mailpoet_radio_label\" >Cochez ci-dessous le Challenge qui vous int\u00e9resse  <span class=\"mailpoet_required\">*<\/span><\/label><label class=\"mailpoet_radio_label\" ><input type=\"radio\" class=\"mailpoet_radio\" name=\"data[cf_3]\" value=\"\ud83d\udccd Challenge Cape Town (Afrique du Sud)\" data-parsley-required=\"true\" data-parsley-required-message=\"Please select at least one option.\" data-parsley-group=\"custom_field_3\" data-parsley-errors-container=\".mailpoet_error_3\" \/> \ud83d\udccd Challenge Cape Town (Afrique du Sud)<\/label><label class=\"mailpoet_radio_label\" ><input type=\"radio\" class=\"mailpoet_radio\" name=\"data[cf_3]\" value=\"\ud83d\udccd Challenge Cederberg (Afrique du Sud \/ Gravel)\" data-parsley-required=\"true\" data-parsley-required-message=\"Please select at least one option.\" data-parsley-group=\"custom_field_3\" data-parsley-errors-container=\".mailpoet_error_3\" \/> \ud83d\udccd Challenge Cederberg (Afrique du Sud \/ Gravel)<\/label><label class=\"mailpoet_radio_label\" ><input type=\"radio\" class=\"mailpoet_radio\" name=\"data[cf_3]\" value=\"\ud83d\udccd Challenge Nice Mont Ventoux (France)\" data-parsley-required=\"true\" data-parsley-required-message=\"Please select at least one option.\" data-parsley-group=\"custom_field_3\" data-parsley-errors-container=\".mailpoet_error_3\" \/> \ud83d\udccd Challenge Nice Mont Ventoux (France)<\/label><label class=\"mailpoet_radio_label\" ><input type=\"radio\" class=\"mailpoet_radio\" name=\"data[cf_3]\" value=\"\ud83d\udccd [X&#039;TREM] Challenge Nice Mont Ventoux (France)\" data-parsley-required=\"true\" data-parsley-required-message=\"Please select at least one option.\" data-parsley-group=\"custom_field_3\" data-parsley-errors-container=\".mailpoet_error_3\" \/> \ud83d\udccd [X&#039;TREM] Challenge Nice Mont Ventoux (France)<\/label><label class=\"mailpoet_radio_label\" ><input type=\"radio\" class=\"mailpoet_radio\" name=\"data[cf_3]\" value=\"\ud83d\udccd Private Challenge Event\" data-parsley-required=\"true\" data-parsley-required-message=\"Please select at least one option.\" data-parsley-group=\"custom_field_3\" data-parsley-errors-container=\".mailpoet_error_3\" \/> \ud83d\udccd Private Challenge Event<\/label><span class=\"mailpoet_error_3\"><\/span><\/div>\n<div class='mailpoet_spacer' style='height: 1px;'><div class='mailpoet_divider' data-automation-id='form_divider' style='border-top-style: solid;border-top-width: 1px;border-top-color: black;height: 1px;width: 100%'><\/div><\/div>\n<div class=\"mailpoet_paragraph\"><label class=\"mailpoet_textarea_label\" >T\u00e9l\u00e9phone (avec indicatif pays - with telephone code) <span class=\"mailpoet_required\">*<\/span><\/label><textarea class=\"mailpoet_textarea\" data-automation-id=\"form_custom_text_area\" rows=\"1\" name=\"data[cf_1]\"data-parsley-required=\"true\" data-parsley-required-message=\"This field is required.\" data-parsley-pattern=\"^[\\d\\+\\-\\.\\(\\)\\\/\\s]*$\" data-parsley-error-message=\"Please specify a valid phone number.\"><\/textarea><\/div>\n<div class=\"mailpoet_paragraph\"><label class=\"mailpoet_text_label\" >Pays de r\u00e9sidence (your home Country) <span class=\"mailpoet_required\">*<\/span><\/label><input type=\"text\" class=\"mailpoet_text\" name=\"data[cf_2]\" title=\"Pays de r\u00e9sidence (your home Country)\" value=\"\"  data-parsley-required=\"true\" data-parsley-required-message=\"This field is required.\"\/><\/div>\n<div class='mailpoet_spacer' style='height: 1px;'><div class='mailpoet_divider' data-automation-id='form_divider' style='border-top-style: solid;border-top-width: 1px;border-top-color: black;height: 1px;width: 100%'><\/div><\/div>\n<div class=\"mailpoet_paragraph\"><label class=\"mailpoet_textarea_label\" >Message <span class=\"mailpoet_required\">*<\/span><\/label><textarea class=\"mailpoet_textarea\" data-automation-id=\"form_custom_text_area\" rows=\"5\" name=\"data[cf_4]\"data-parsley-required=\"true\" data-parsley-required-message=\"This field is required.\"><\/textarea><\/div>\n<div class='mailpoet_spacer' style='height: 1px;'><div class='mailpoet_divider' data-automation-id='form_divider' style='border-top-style: solid;border-top-width: 1px;border-top-color: black;height: 1px;width: 100%'><\/div><\/div>\n<div class=\"mailpoet_paragraph\"><label class=\"mailpoet_text_label\" data-automation-id=\"form_email_label\" >Email <span class=\"mailpoet_required\">*<\/span><\/label><input type=\"email\" class=\"mailpoet_text\" name=\"data[form_field_OGIyZTViNGI1ZTQzX2VtYWls]\" title=\"Email\" value=\"\" data-automation-id=\"form_email\" data-parsley-required=\"true\" data-parsley-minlength=\"6\" data-parsley-maxlength=\"150\" data-parsley-error-message=\"Please specify a valid email address.\" data-parsley-required-message=\"This field is required.\"\/><\/div>\n<div class='mailpoet_spacer' style='height: 1px;'><div class='mailpoet_divider' data-automation-id='form_divider' style='border-top-style: solid;border-top-width: 1px;border-top-color: black;height: 1px;width: 100%'><\/div><\/div>\n<div class=\"mailpoet_paragraph\"><input type=\"submit\" class=\"mailpoet_submit\" value=\"Envoyer (Send)\" data-automation-id=\"subscribe-submit-button\" style=\"border-color:transparent;\" \/><span class=\"mailpoet_form_loading\"><span class=\"mailpoet_bounce1\"><\/span><span class=\"mailpoet_bounce2\"><\/span><span class=\"mailpoet_bounce3\"><\/span><\/span><\/div>\n\n      <div class=\"mailpoet_message\">\n        <p class=\"mailpoet_validate_success\"\n                style=\"display:none;\"\n                >\ud83d\udccc V\u00e9rifiez votre boite de r\u00e9ception ou votre r\u00e9pertoire d\u2019ind\u00e9sirables\/SPAMS\u26a0\ufe0f, pour confirmer votre envoi   \/\/   \ud83d\udcccCheck your mailbox or junks\/spams\u26a0\ufe0f, to confirm your email.\n        <\/p>\n        <p class=\"mailpoet_validate_error\"\n                style=\"display:none;\"\n                >        <\/p>\n      <\/div>\n    <\/form>\n  <\/div>\n\n  ","protected":false},"excerpt":{"rendered":"<p>In order to : &#8211; receive more informations (details, price&#8230;), and\u00a0 &#8211; be contacted, Please fill the form :<\/p>\n","protected":false},"author":2,"featured_media":0,"parent":0,"menu_order":0,"comment_status":"closed","ping_status":"closed","template":"","meta":[],"_links":{"self":[{"href":"https:\/\/executive-challenge.com\/en\/wp-json\/wp\/v2\/pages\/4095"}],"collection":[{"href":"https:\/\/executive-challenge.com\/en\/wp-json\/wp\/v2\/pages"}],"about":[{"href":"https:\/\/executive-challenge.com\/en\/wp-json\/wp\/v2\/types\/page"}],"author":[{"embeddable":true,"href":"https:\/\/executive-challenge.com\/en\/wp-json\/wp\/v2\/users\/2"}],"replies":[{"embeddable":true,"href":"https:\/\/executive-challenge.com\/en\/wp-json\/wp\/v2\/comments?post=4095"}],"version-history":[{"count":1,"href":"https:\/\/executive-challenge.com\/en\/wp-json\/wp\/v2\/pages\/4095\/revisions"}],"predecessor-version":[{"id":4096,"href":"https:\/\/executive-challenge.com\/en\/wp-json\/wp\/v2\/pages\/4095\/revisions\/4096"}],"wp:attachment":[{"href":"https:\/\/executive-challenge.com\/en\/wp-json\/wp\/v2\/media?parent=4095"}],"curies":[{"name":"wp","href":"https:\/\/api.w.org\/{rel}","templated":true}]}}